{"id":1777,"date":"2024-03-21T10:07:33","date_gmt":"2024-03-21T09:07:33","guid":{"rendered":"https:\/\/stg8921.stroomgenoten.be\/contact\/"},"modified":"2024-05-14T15:01:48","modified_gmt":"2024-05-14T14:01:48","slug":"contact","status":"publish","type":"page","link":"https:\/\/stg8921.stroomgenoten.be\/fr\/contact\/","title":{"rendered":"Contact"},"content":{"rendered":"\t\t<div data-elementor-type=\"wp-page\" data-elementor-id=\"1777\" class=\"elementor elementor-1777 elementor-1121\" data-elementor-post-type=\"page\">\n\t\t\t\t<div class=\"elementor-element elementor-element-c483653 e-flex e-con-boxed e-con e-parent\" data-id=\"c483653\" data-element_type=\"container\" data-settings=\"{&quot;background_background&quot;:&quot;classic&quot;}\">\n\t\t\t\t\t<div class=\"e-con-inner\">\n\t\t<div class=\"elementor-element elementor-element-ab6a547 e-flex e-con-boxed e-con e-child\" data-id=\"ab6a547\" data-element_type=\"container\">\n\t\t\t\t\t<div class=\"e-con-inner\">\n\t\t<div class=\"elementor-element elementor-element-d5af46f e-flex e-con-boxed e-con e-child\" data-id=\"d5af46f\" data-element_type=\"container\">\n\t\t\t\t\t<div class=\"e-con-inner\">\n\t\t\t\t<div class=\"elementor-element elementor-element-d92bd77 elementor-widget elementor-widget-heading\" data-id=\"d92bd77\" data-element_type=\"widget\" data-widget_type=\"heading.default\">\n\t\t\t\t<div class=\"elementor-widget-container\">\n\t\t\t\t\t<p class=\"elementor-heading-title elementor-size-default\"><a href=\"\/\">Stoomgenoten<\/a><\/p>\t\t\t\t<\/div>\n\t\t\t\t<\/div>\n\t\t\t\t<div class=\"elementor-element elementor-element-b639ba2 elementor-widget elementor-widget-heading\" data-id=\"b639ba2\" data-element_type=\"widget\" data-widget_type=\"heading.default\">\n\t\t\t\t<div class=\"elementor-widget-container\">\n\t\t\t\t\t<p class=\"elementor-heading-title elementor-size-default\">&gt; Nous contacter<\/p>\t\t\t\t<\/div>\n\t\t\t\t<\/div>\n\t\t\t\t\t<\/div>\n\t\t\t\t<\/div>\n\t\t\t\t<div class=\"elementor-element elementor-element-1fa733e elementor-widget elementor-widget-heading\" data-id=\"1fa733e\" data-element_type=\"widget\" data-widget_type=\"heading.default\">\n\t\t\t\t<div class=\"elementor-widget-container\">\n\t\t\t\t\t<h2 class=\"elementor-heading-title elementor-size-default\">Nous sommes heureux de vous aider<\/h2>\t\t\t\t<\/div>\n\t\t\t\t<\/div>\n\t\t\t\t<div class=\"elementor-element elementor-element-219c834 elementor-widget elementor-widget-text-editor\" data-id=\"219c834\" data-element_type=\"widget\" data-widget_type=\"text-editor.default\">\n\t\t\t\t<div class=\"elementor-widget-container\">\n\t\t\t\t\t\t\t\t\t<p>Voir aussi nos <strong><a href=\"https:\/\/stg8921.stroomgenoten.be\/fr\/faqs\/conditions-generales-dutilisation\/\">Foire aux questions<\/a><br \/><\/strong><\/p><p>Avez-vous une autre question ? N&rsquo;h\u00e9sitez pas \u00e0 nous contacter via le formulaire de contact ou \u00e0 nous appeler.<\/p>\t\t\t\t\t\t\t\t<\/div>\n\t\t\t\t<\/div>\n\t\t\t\t\t<\/div>\n\t\t\t\t<\/div>\n\t\t\t\t\t<\/div>\n\t\t\t\t<\/div>\n\t\t<div class=\"elementor-element elementor-element-612a9b6 e-flex e-con-boxed e-con e-parent\" data-id=\"612a9b6\" data-element_type=\"container\" data-settings=\"{&quot;background_background&quot;:&quot;classic&quot;}\">\n\t\t\t\t\t<div class=\"e-con-inner\">\n\t\t<div class=\"elementor-element elementor-element-0b4b91d e-con-full e-flex e-con e-child\" data-id=\"0b4b91d\" data-element_type=\"container\" id=\"form\">\n\t\t<div class=\"elementor-element elementor-element-abca32e e-con-full e-flex e-con e-child\" data-id=\"abca32e\" data-element_type=\"container\">\n\t\t\t\t<div class=\"elementor-element elementor-element-397ca29 spacing elementor-widget elementor-widget-heading\" data-id=\"397ca29\" data-element_type=\"widget\" data-widget_type=\"heading.default\">\n\t\t\t\t<div class=\"elementor-widget-container\">\n\t\t\t\t\t<h3 class=\"elementor-heading-title elementor-size-default\">1. En ligne via le formulaire de contact<\/h3>\t\t\t\t<\/div>\n\t\t\t\t<\/div>\n\t\t\t\t<div class=\"elementor-element elementor-element-f12534c elementor-widget__width-initial elementor-widget-mobile__width-initial spacing elementor-widget elementor-widget-text-editor\" data-id=\"f12534c\" data-element_type=\"widget\" data-widget_type=\"text-editor.default\">\n\t\t\t\t<div class=\"elementor-widget-container\">\n\t\t\t\t\t\t\t\t\t<p>Veuillez remplir le formulaire de contact ci-dessous. Nous vous r\u00e9pondrons dans les deux jours ouvrables. Apr\u00e8s votre demande, vous recevrez imm\u00e9diatement un num\u00e9ro de ticket afin que le repr\u00e9sentant de la client\u00e8le puisse suivre votre dossier encore mieux.<\/p>\n\t\t\t\t\t\t\t\t<\/div>\n\t\t\t\t<\/div>\n\t\t\t\t<\/div>\n\t\t<div class=\"elementor-element elementor-element-e35cba2 e-con-full e-flex e-con e-child\" data-id=\"e35cba2\" data-element_type=\"container\" id=\"formcontainer\">\n\t\t\t\t<div class=\"elementor-element elementor-element-488a185 elementor-button-align-end elementor-mobile-button-align-end formcustom elementor-widget elementor-widget-form\" data-id=\"488a185\" data-element_type=\"widget\" data-settings=\"{&quot;step_next_label&quot;:&quot;Suivant&quot;,&quot;step_previous_label&quot;:&quot;Pr\\u00e9c\\u00e9dent&quot;,&quot;button_width&quot;:&quot;100&quot;,&quot;step_type&quot;:&quot;number_text&quot;,&quot;step_icon_shape&quot;:&quot;circle&quot;}\" data-widget_type=\"form.default\">\n\t\t\t\t<div class=\"elementor-widget-container\">\n\t\t\t\t\t\t\t<form class=\"elementor-form\" method=\"post\" name=\"Contact\">\n\t\t\t<input type=\"hidden\" name=\"post_id\" value=\"1777\"\/>\n\t\t\t<input type=\"hidden\" name=\"form_id\" value=\"488a185\"\/>\n\t\t\t<input type=\"hidden\" name=\"referer_title\" value=\"\" \/>\n\n\t\t\t\n\t\t\t<div class=\"elementor-form-fields-wrapper elementor-labels-above\">\n\t\t\t\t\t\t\t\t<div class=\"elementor-field-type-text elementor-field-group elementor-column elementor-field-group-name elementor-col-100 elementor-field-required elementor-mark-required\">\n\t\t\t\t\t\t\t\t\t\t\t\t<label for=\"form-field-name\" class=\"elementor-field-label\">\n\t\t\t\t\t\t\t\tNom de famille\t\t\t\t\t\t\t<\/label>\n\t\t\t\t\t\t\t\t\t\t\t\t\t\t<input size=\"1\" type=\"text\" name=\"form_fields[name]\" id=\"form-field-name\" class=\"elementor-field elementor-size-sm  elementor-field-textual\" required=\"required\" aria-required=\"true\">\n\t\t\t\t\t\t\t\t\t\t\t<\/div>\n\t\t\t\t\t\t\t\t<div class=\"elementor-field-type-text elementor-field-group elementor-column elementor-field-group-field_fb959c4 elementor-col-100 elementor-field-required elementor-mark-required\">\n\t\t\t\t\t\t\t\t\t\t\t\t<label for=\"form-field-field_fb959c4\" class=\"elementor-field-label\">\n\t\t\t\t\t\t\t\tPr\u00e9nom\t\t\t\t\t\t\t<\/label>\n\t\t\t\t\t\t\t\t\t\t\t\t\t\t<input size=\"1\" type=\"text\" name=\"form_fields[field_fb959c4]\" id=\"form-field-field_fb959c4\" class=\"elementor-field elementor-size-sm  elementor-field-textual\" required=\"required\" aria-required=\"true\">\n\t\t\t\t\t\t\t\t\t\t\t<\/div>\n\t\t\t\t\t\t\t\t<div class=\"elementor-field-type-email elementor-field-group elementor-column elementor-field-group-email elementor-col-100 elementor-field-required elementor-mark-required\">\n\t\t\t\t\t\t\t\t\t\t\t\t<label for=\"form-field-email\" class=\"elementor-field-label\">\n\t\t\t\t\t\t\t\tAdresse \u00e9lectronique\t\t\t\t\t\t\t<\/label>\n\t\t\t\t\t\t\t\t\t\t\t\t\t\t<input size=\"1\" type=\"email\" name=\"form_fields[email]\" id=\"form-field-email\" class=\"elementor-field elementor-size-sm  elementor-field-textual\" required=\"required\" aria-required=\"true\">\n\t\t\t\t\t\t\t\t\t\t\t<\/div>\n\t\t\t\t\t\t\t\t<div class=\"elementor-field-type-text elementor-field-group elementor-column elementor-field-group-field_2c9dae4 elementor-col-100 elementor-field-required elementor-mark-required\">\n\t\t\t\t\t\t\t\t\t\t\t\t<label for=\"form-field-field_2c9dae4\" class=\"elementor-field-label\">\n\t\t\t\t\t\t\t\tNum\u00e9ro de t\u00e9l\u00e9phone\t\t\t\t\t\t\t<\/label>\n\t\t\t\t\t\t\t\t\t\t\t\t\t\t<input size=\"1\" type=\"text\" name=\"form_fields[field_2c9dae4]\" id=\"form-field-field_2c9dae4\" class=\"elementor-field elementor-size-sm  elementor-field-textual\" required=\"required\" aria-required=\"true\">\n\t\t\t\t\t\t\t\t\t\t\t<\/div>\n\t\t\t\t\t\t\t\t<div class=\"elementor-field-type-radio elementor-field-group elementor-column elementor-field-group-field_8dc5bbd elementor-col-100 elementor-field-required elementor-mark-required\">\n\t\t\t\t\t\t\t\t\t\t\t\t<label for=\"form-field-field_8dc5bbd\" class=\"elementor-field-label\">\n\t\t\t\t\t\t\t\tJe suis d\u00e9j\u00e0 client\t\t\t\t\t\t\t<\/label>\n\t\t\t\t\t\t<div class=\"elementor-field-subgroup  \"><span class=\"elementor-field-option\"><input type=\"radio\" value=\"Oui\" id=\"form-field-field_8dc5bbd-0\" name=\"form_fields[field_8dc5bbd]\" required=\"required\" aria-required=\"true\"> <label for=\"form-field-field_8dc5bbd-0\">Oui<\/label><\/span><span class=\"elementor-field-option\"><input type=\"radio\" value=\"Non\" id=\"form-field-field_8dc5bbd-1\" name=\"form_fields[field_8dc5bbd]\" required=\"required\" aria-required=\"true\"> <label for=\"form-field-field_8dc5bbd-1\">Non<\/label><\/span><\/div>\t\t\t\t<\/div>\n\t\t\t\t\t\t\t\t<div class=\"elementor-field-type-textarea elementor-field-group elementor-column elementor-field-group-field_2b5ff71 elementor-col-100 elementor-field-required elementor-mark-required\">\n\t\t\t\t\t\t\t\t\t\t\t\t<label for=\"form-field-field_2b5ff71\" class=\"elementor-field-label\">\n\t\t\t\t\t\t\t\tQuestion \/ Commentaire\t\t\t\t\t\t\t<\/label>\n\t\t\t\t\t\t<textarea class=\"elementor-field-textual elementor-field  elementor-size-sm\" name=\"form_fields[field_2b5ff71]\" id=\"form-field-field_2b5ff71\" rows=\"4\" required=\"required\" aria-required=\"true\"><\/textarea>\t\t\t\t<\/div>\n\t\t\t\t\t\t\t\t<div class=\"elementor-field-type-radio elementor-field-group elementor-column elementor-field-group-field_2529fd0 elementor-col-100 elementor-field-required elementor-mark-required\">\n\t\t\t\t\t\t\t\t\t\t\t\t<label for=\"form-field-field_2529fd0\" class=\"elementor-field-label\">\n\t\t\t\t\t\t\t\tAutorisation de stocker les donn\u00e9es soumises\t\t\t\t\t\t\t<\/label>\n\t\t\t\t\t\t<div class=\"elementor-field-subgroup  \"><span class=\"elementor-field-option\"><input type=\"radio\" value=\"Oui, je consens \u00e0 ce que mes donn\u00e9es soient stock\u00e9es et trait\u00e9es.\" id=\"form-field-field_2529fd0-0\" name=\"form_fields[field_2529fd0]\" required=\"required\" aria-required=\"true\"> <label for=\"form-field-field_2529fd0-0\">Oui, je consens \u00e0 ce que mes donn\u00e9es soient stock\u00e9es et trait\u00e9es.<\/label><\/span><span class=\"elementor-field-option\"><input type=\"radio\" value=\"Non, je n&#039;accepte pas le stockage et le traitement de mes donn\u00e9es.\" id=\"form-field-field_2529fd0-1\" name=\"form_fields[field_2529fd0]\" required=\"required\" aria-required=\"true\"> <label for=\"form-field-field_2529fd0-1\">Non, je n'accepte pas le stockage et le traitement de mes donn\u00e9es.<\/label><\/span><\/div>\t\t\t\t<\/div>\n\t\t\t\t\t\t\t\t<div class=\"elementor-field-group elementor-column elementor-field-type-submit elementor-col-100 e-form__buttons\">\n\t\t\t\t\t<button class=\"elementor-button elementor-size-lg\" type=\"submit\" id=\"submitbutton\">\n\t\t\t\t\t\t<span class=\"elementor-button-content-wrapper\">\n\t\t\t\t\t\t\t\t\t\t\t\t\t\t\t\t\t\t\t\t\t\t<span class=\"elementor-button-text\">Envoyer la demande<\/span>\n\t\t\t\t\t\t\t\t\t\t\t\t\t<\/span>\n\t\t\t\t\t<\/button>\n\t\t\t\t<\/div>\n\t\t\t<\/div>\n\t\t<\/form>\n\t\t\t\t\t\t<\/div>\n\t\t\t\t<\/div>\n\t\t<div class=\"elementor-element elementor-element-f90ddb6 e-con-full elementor-hidden-mobile e-flex e-con e-child\" data-id=\"f90ddb6\" data-element_type=\"container\">\n\t\t\t\t<div class=\"elementor-element elementor-element-23490cc elementor-widget elementor-widget-image\" data-id=\"23490cc\" data-element_type=\"widget\" data-widget_type=\"image.default\">\n\t\t\t\t<div class=\"elementor-widget-container\">\n\t\t\t\t\t\t\t\t\t\t\t\t\t\t\t<img decoding=\"async\" src=\"https:\/\/stg8921.stroomgenoten.be\/wp-content\/uploads\/2024\/03\/Social-messages.svg\" title=\"Social messages\" alt=\"Social messages\" loading=\"lazy\" \/>\t\t\t\t\t\t\t\t\t\t\t\t\t\t\t<\/div>\n\t\t\t\t<\/div>\n\t\t\t\t<\/div>\n\t\t<div class=\"elementor-element elementor-element-e5e2047 elementor-hidden-desktop elementor-hidden-tablet e-flex e-con-boxed e-con e-child\" data-id=\"e5e2047\" data-element_type=\"container\">\n\t\t\t\t\t<div class=\"e-con-inner\">\n\t\t\t\t<div class=\"elementor-element elementor-element-2c36600 elementor-widget elementor-widget-image\" data-id=\"2c36600\" data-element_type=\"widget\" data-widget_type=\"image.default\">\n\t\t\t\t<div class=\"elementor-widget-container\">\n\t\t\t\t\t\t\t\t\t\t\t\t\t\t\t<img decoding=\"async\" src=\"https:\/\/stg8921.stroomgenoten.be\/wp-content\/uploads\/2024\/03\/Social-messages.svg\" title=\"Social messages\" alt=\"Social messages\" loading=\"lazy\" \/>\t\t\t\t\t\t\t\t\t\t\t\t\t\t\t<\/div>\n\t\t\t\t<\/div>\n\t\t\t\t\t<\/div>\n\t\t\t\t<\/div>\n\t\t\t\t<\/div>\n\t\t\t\t<\/div>\n\t\t<div class=\"elementor-element elementor-element-1f546f1 e-grid e-con-full e-con e-child\" data-id=\"1f546f1\" data-element_type=\"container\">\n\t\t<div class=\"elementor-element elementor-element-42644ff e-con-full e-flex e-con e-child\" data-id=\"42644ff\" data-element_type=\"container\" id=\"mailcontainer\">\n\t\t\t\t<div class=\"elementor-element elementor-element-ba9343c elementor-widget elementor-widget-heading\" data-id=\"ba9343c\" data-element_type=\"widget\" data-widget_type=\"heading.default\">\n\t\t\t\t<div class=\"elementor-widget-container\">\n\t\t\t\t\t<h3 class=\"elementor-heading-title elementor-size-default\">2. Envoyez-nous un e-mail si vous souhaitez transmettre une pi\u00e8ce jointe.<\/h3>\t\t\t\t<\/div>\n\t\t\t\t<\/div>\n\t\t\t\t<div class=\"elementor-element elementor-element-a122aab elementor-widget elementor-widget-text-editor\" data-id=\"a122aab\" data-element_type=\"widget\" data-widget_type=\"text-editor.default\">\n\t\t\t\t<div class=\"elementor-widget-container\">\n\t\t\t\t\t\t\t\t\t<p>Si vous souhaitez transmettre un document de transfert d&rsquo;\u00e9nergie ou toute autre pi\u00e8ce jointe, vous pouvez le faire par courrier \u00e9lectronique \u00e0 l&rsquo;adresse klantendienst@stroomgenoten.be.<\/p>\n\t\t\t\t\t\t\t\t<\/div>\n\t\t\t\t<\/div>\n\t\t\t\t<div class=\"elementor-element elementor-element-fe94e80 elementor-position-right elementor-vertical-align-middle elementor-mobile-position-right elementor-view-default elementor-widget elementor-widget-icon-box\" data-id=\"fe94e80\" data-element_type=\"widget\" data-widget_type=\"icon-box.default\">\n\t\t\t\t<div class=\"elementor-widget-container\">\n\t\t\t\t\t\t\t<div class=\"elementor-icon-box-wrapper\">\n\n\t\t\t\t\t\t<div class=\"elementor-icon-box-icon\">\n\t\t\t\t<span  class=\"elementor-icon elementor-animation-\">\n\t\t\t\t<svg aria-hidden=\"true\" class=\"e-font-icon-svg e-far-file\" viewBox=\"0 0 384 512\" xmlns=\"http:\/\/www.w3.org\/2000\/svg\"><path d=\"M369.9 97.9L286 14C277 5 264.8-.1 252.1-.1H48C21.5 0 0 21.5 0 48v416c0 26.5 21.5 48 48 48h288c26.5 0 48-21.5 48-48V131.9c0-12.7-5.1-25-14.1-34zM332.1 128H256V51.9l76.1 76.1zM48 464V48h160v104c0 13.3 10.7 24 24 24h104v288H48z\"><\/path><\/svg>\t\t\t\t<\/span>\n\t\t\t<\/div>\n\t\t\t\n\t\t\t\t\t\t<div class=\"elementor-icon-box-content\">\n\n\t\t\t\t\t\t\t\t\t<h6 class=\"elementor-icon-box-title\">\n\t\t\t\t\t\t<span  >\n\t\t\t\t\t\t\tDocument sur l'offre publique d'achat d'\u00e9nergie\t\t\t\t\t\t<\/span>\n\t\t\t\t\t<\/h6>\n\t\t\t\t\n\t\t\t\t\n\t\t\t<\/div>\n\t\t\t\n\t\t<\/div>\n\t\t\t\t\t\t<\/div>\n\t\t\t\t<\/div>\n\t\t\t\t<div class=\"elementor-element elementor-element-77e5d3e elementor-widget elementor-widget-button\" data-id=\"77e5d3e\" data-element_type=\"widget\" data-widget_type=\"button.default\">\n\t\t\t\t<div class=\"elementor-widget-container\">\n\t\t\t\t\t\t\t\t\t<div class=\"elementor-button-wrapper\">\n\t\t\t\t\t<a class=\"elementor-button elementor-button-link elementor-size-sm\" href=\"mailto:klantendienst@stroomgenoten.be\" id=\"mail\">\n\t\t\t\t\t\t<span class=\"elementor-button-content-wrapper\">\n\t\t\t\t\t\t\t\t\t<span class=\"elementor-button-text\">Envoyez-nous un e-mail<\/span>\n\t\t\t\t\t<\/span>\n\t\t\t\t\t<\/a>\n\t\t\t\t<\/div>\n\t\t\t\t\t\t\t\t<\/div>\n\t\t\t\t<\/div>\n\t\t\t\t<\/div>\n\t\t<div class=\"elementor-element elementor-element-947b66c elementor-hidden-mobile e-con-full e-flex e-con e-child\" data-id=\"947b66c\" data-element_type=\"container\" id=\"photocontainer\">\n\t\t<div class=\"elementor-element elementor-element-2bc01a1 e-con-full e-flex e-con e-child\" data-id=\"2bc01a1\" data-element_type=\"container\">\n\t\t\t\t<div class=\"elementor-element elementor-element-ad90ee3 elementor-widget elementor-widget-image\" data-id=\"ad90ee3\" data-element_type=\"widget\" data-widget_type=\"image.default\">\n\t\t\t\t<div class=\"elementor-widget-container\">\n\t\t\t\t\t\t\t\t\t\t\t\t\t\t\t<img decoding=\"async\" src=\"https:\/\/stg8921.stroomgenoten.be\/wp-content\/uploads\/2024\/03\/Mail.svg\" title=\"Mail\" alt=\"Mail\" loading=\"lazy\" \/>\t\t\t\t\t\t\t\t\t\t\t\t\t\t\t<\/div>\n\t\t\t\t<\/div>\n\t\t\t\t<\/div>\n\t\t\t\t<\/div>\n\t\t<div class=\"elementor-element elementor-element-dd34953 e-con-full elementor-hidden-desktop elementor-hidden-tablet e-flex e-con e-child\" data-id=\"dd34953\" data-element_type=\"container\" id=\"mailcontainer\">\n\t\t<div class=\"elementor-element elementor-element-5f9135a e-flex e-con-boxed e-con e-child\" data-id=\"5f9135a\" data-element_type=\"container\">\n\t\t\t\t\t<div class=\"e-con-inner\">\n\t\t\t\t<div class=\"elementor-element elementor-element-0950160 elementor-widget elementor-widget-image\" data-id=\"0950160\" data-element_type=\"widget\" data-widget_type=\"image.default\">\n\t\t\t\t<div class=\"elementor-widget-container\">\n\t\t\t\t\t\t\t\t\t\t\t\t\t\t\t<img decoding=\"async\" src=\"https:\/\/stg8921.stroomgenoten.be\/wp-content\/uploads\/2024\/03\/Mail.svg\" title=\"Mail\" alt=\"Mail\" loading=\"lazy\" \/>\t\t\t\t\t\t\t\t\t\t\t\t\t\t\t<\/div>\n\t\t\t\t<\/div>\n\t\t\t\t\t<\/div>\n\t\t\t\t<\/div>\n\t\t\t\t<\/div>\n\t\t\t\t<\/div>\n\t\t\t\t\t<\/div>\n\t\t\t\t<\/div>\n\t\t\t\t<\/div>\n\t\t","protected":false},"excerpt":{"rendered":"<p>Stoomgenoten &gt; Nous contacter Nous sommes heureux de vous aider Voir aussi nos Foire aux questions Avez-vous une autre question [&hellip;]<\/p>\n","protected":false},"author":1,"featured_media":0,"parent":0,"menu_order":0,"comment_status":"closed","ping_status":"closed","template":"elementor_header_footer","meta":{"_acf_changed":false,"inline_featured_image":false,"site-sidebar-layout":"no-sidebar","site-content-layout":"","ast-site-content-layout":"full-width-container","site-content-style":"default","site-sidebar-style":"default","ast-global-header-display":"","ast-banner-title-visibility":"","ast-main-header-display":"","ast-hfb-above-header-display":"","ast-hfb-below-header-display":"","ast-hfb-mobile-header-display":"","site-post-title":"disabled","ast-breadcrumbs-content":"","ast-featured-img":"disabled","footer-sml-layout":"","theme-transparent-header-meta":"","adv-header-id-meta":"","stick-header-meta":"","header-above-stick-meta":"","header-main-stick-meta":"","header-below-stick-meta":"","astra-migrate-meta-layouts":"default","ast-page-background-enabled":"default","ast-page-background-meta":{"desktop":{"background-color":"var(--ast-global-color-4)","background-image":"","background-repeat":"repeat","background-position":"center center","background-size":"auto","background-attachment":"scroll","background-type":"","background-media":"","overlay-type":"","overlay-color":"","overlay-opacity":"","overlay-gradient":""},"tablet":{"background-color":"","background-image":"","background-repeat":"repeat","background-position":"center center","background-size":"auto","background-attachment":"scroll","background-type":"","background-media":"","overlay-type":"","overlay-color":"","overlay-opacity":"","overlay-gradient":""},"mobile":{"background-color":"","background-image":"","background-repeat":"repeat","background-position":"center center","background-size":"auto","background-attachment":"scroll","background-type":"","background-media":"","overlay-type":"","overlay-color":"","overlay-opacity":"","overlay-gradient":""}},"ast-content-background-meta":{"desktop":{"background-color":"var(--ast-global-color-5)","background-image":"","background-repeat":"repeat","background-position":"center center","background-size":"auto","background-attachment":"scroll","background-type":"","background-media":"","overlay-type":"","overlay-color":"","overlay-opacity":"","overlay-gradient":""},"tablet":{"background-color":"var(--ast-global-color-5)","background-image":"","background-repeat":"repeat","background-position":"center center","background-size":"auto","background-attachment":"scroll","background-type":"","background-media":"","overlay-type":"","overlay-color":"","overlay-opacity":"","overlay-gradient":""},"mobile":{"background-color":"var(--ast-global-color-5)","background-image":"","background-repeat":"repeat","background-position":"center center","background-size":"auto","background-attachment":"scroll","background-type":"","background-media":"","overlay-type":"","overlay-color":"","overlay-opacity":"","overlay-gradient":""}},"footnotes":""},"class_list":["post-1777","page","type-page","status-publish","hentry"],"acf":[],"_links":{"self":[{"href":"https:\/\/stg8921.stroomgenoten.be\/fr\/wp-json\/wp\/v2\/pages\/1777","targetHints":{"allow":["GET"]}}],"collection":[{"href":"https:\/\/stg8921.stroomgenoten.be\/fr\/wp-json\/wp\/v2\/pages"}],"about":[{"href":"https:\/\/stg8921.stroomgenoten.be\/fr\/wp-json\/wp\/v2\/types\/page"}],"author":[{"embeddable":true,"href":"https:\/\/stg8921.stroomgenoten.be\/fr\/wp-json\/wp\/v2\/users\/1"}],"replies":[{"embeddable":true,"href":"https:\/\/stg8921.stroomgenoten.be\/fr\/wp-json\/wp\/v2\/comments?post=1777"}],"version-history":[{"count":22,"href":"https:\/\/stg8921.stroomgenoten.be\/fr\/wp-json\/wp\/v2\/pages\/1777\/revisions"}],"predecessor-version":[{"id":4437,"href":"https:\/\/stg8921.stroomgenoten.be\/fr\/wp-json\/wp\/v2\/pages\/1777\/revisions\/4437"}],"wp:attachment":[{"href":"https:\/\/stg8921.stroomgenoten.be\/fr\/wp-json\/wp\/v2\/media?parent=1777"}],"curies":[{"name":"wp","href":"https:\/\/api.w.org\/{rel}","templated":true}]}}